{"id":702,"date":"2024-06-17T18:24:34","date_gmt":"2024-06-17T16:24:34","guid":{"rendered":"https:\/\/sitbiella.it\/unione\/?page_id=702"},"modified":"2024-06-20T11:28:10","modified_gmt":"2024-06-20T09:28:10","slug":"help","status":"publish","type":"page","link":"https:\/\/sitbiella.it\/unione\/index.php\/help\/","title":{"rendered":"Guida all&#8217;uso del portale dell&#8217;Unione"},"content":{"rendered":"<article id=\"0404c9d2-1378-45eb-923e-98cd07ab10a9\" class=\"page sans\">\n<div class=\"page-body\">\n<hr id=\"55364b03-1d81-450d-9309-549da4b35e09\" \/>\n<p id=\"510c9cef-065b-4401-a9ae-2e6b9d6593cf\" class=\"\">Questa guida ci permetter\u00e0 di conoscere la modalit\u00e0 di navigazione del servizio cartografico QGIS to WEB dei comuni appartenenti all\u2019Unione Orientale Biellese.<\/p>\n<p>&nbsp;<\/p>\n<p class=\"\"><img loading=\"lazy\" decoding=\"async\" class=\"wp-image-708 aligncenter\" src=\"https:\/\/sitbiella.it\/unione\/wp-content\/uploads\/2024\/06\/Untitled-2-300x172.png\" alt=\"\" width=\"558\" height=\"320\" srcset=\"https:\/\/sitbiella.it\/unione\/wp-content\/uploads\/2024\/06\/Untitled-2-300x172.png 300w, https:\/\/sitbiella.it\/unione\/wp-content\/uploads\/2024\/06\/Untitled-2-1024x587.png 1024w, https:\/\/sitbiella.it\/unione\/wp-content\/uploads\/2024\/06\/Untitled-2-768x440.png 768w, https:\/\/sitbiella.it\/unione\/wp-content\/uploads\/2024\/06\/Untitled-2.png 1474w\" sizes=\"auto, (max-width: 558px) 100vw, 558px\" \/><\/p>\n<p>&nbsp;<\/p>\n<p id=\"b487b45f-efcb-4d27-823f-f159985ea6f2\" class=\"\">La barra laterale a sinistra contiene le icone per le interrogazione, il controllo della visualizzazione ed il link per visualizzare le immagini di Open Street Map per la navigazione interattiva urbana.<\/p>\n<div id=\"93852b74-e3ea-4f43-ac73-f38985394c3c\" class=\"column-list\">\n<div id=\"e73ce43f-a608-4aa7-8f0f-95f02e2df035\" class=\"column\" style=\"width: 93.75%;\">\n<div id=\"5a5fb75f-4640-4dfa-9068-8a06c0ff9f99\" class=\"column-list\">\n<div id=\"3caf0c7e-6e57-4c04-85c9-43af054a6324\" class=\"column\" style=\"width: 168.75%;\">\n<p id=\"a73c65bd-b5c3-46f7-b55b-176dc4b8b5bb\" class=\"\"><a href=\"Help%20Unione%20QGIS%20to%20WEB%202%200404c9d2137845eb923e98cd07ab10a9\/Untitled%201.png\"><img loading=\"lazy\" decoding=\"async\" class=\"alignnone wp-image-707\" src=\"https:\/\/sitbiella.it\/unione\/wp-content\/uploads\/2024\/06\/Untitled-1.png\" alt=\"\" width=\"48\" height=\"47\" \/><\/a>La prima icona permette di accendere o spegnere i temi informativi<\/p>\n<table style=\"border-collapse: collapse; width: 63.4429%; height: 410px;\">\n<tbody>\n<tr style=\"height: 164px;\">\n<td style=\"width: 100%; height: 164px; text-align: left;\">Cliccandola si accede al controllo dei livelli (temi). La spunta blu (o altri colori a<span style=\"background-color: var(--bs-body-bg); color: var(--bs-body-color); font-family: var(--bs-body-font-family); font-size: var(--bs-body-font-size); font-weight: var(--bs-body-font-weight); text-align: var(--bs-body-text-align);\"> seconda del browser utilizzato) permette di attivare e disattivare<\/span><span style=\"background-color: var(--bs-body-bg); color: var(--bs-body-color); font-family: var(--bs-body-font-family); font-size: var(--bs-body-font-size); font-weight: var(--bs-body-font-weight); text-align: var(--bs-body-text-align);\">\u00a0la visualizzazione ed il controllo della trasparenza dei vari livelli.<\/span><\/td>\n<\/tr>\n<tr style=\"height: 27px;\">\n<td style=\"width: 100%; height: 27px;\">\u00a0 \u00a0 \u00a0 \u00a0 \u00a0 \u00a0 \u00a0 \u00a0 \u00a0 \u00a0 <img loading=\"lazy\" decoding=\"async\" class=\"alignnone wp-image-886 \" style=\"color: var(--bs-body-color); font-family: var(--bs-body-font-family); font-size: var(--bs-body-font-size); font-weight: var(--bs-body-font-weight); text-align: var(--bs-body-text-align); background-color: var(--bs-body-bg);\" src=\"https:\/\/sitbiella.it\/unione\/wp-content\/uploads\/2024\/06\/Untitled-3-1-300x210.png\" alt=\"\" width=\"453\" height=\"317\" srcset=\"https:\/\/sitbiella.it\/unione\/wp-content\/uploads\/2024\/06\/Untitled-3-1-300x210.png 300w, https:\/\/sitbiella.it\/unione\/wp-content\/uploads\/2024\/06\/Untitled-3-1-768x537.png 768w, https:\/\/sitbiella.it\/unione\/wp-content\/uploads\/2024\/06\/Untitled-3-1.png 946w\" sizes=\"auto, (max-width: 453px) 100vw, 453px\" \/>\u00a0 \u00a0 \u00a0 \u00a0 \u00a0 \u00a0 \u00a0 <img loading=\"lazy\" decoding=\"async\" class=\"alignnone wp-image-710\" src=\"https:\/\/sitbiella.it\/unione\/wp-content\/uploads\/2024\/06\/Untitled-2-2-300x82.png\" alt=\"\" width=\"473\" height=\"129\" srcset=\"https:\/\/sitbiella.it\/unione\/wp-content\/uploads\/2024\/06\/Untitled-2-2-300x82.png 300w, https:\/\/sitbiella.it\/unione\/wp-content\/uploads\/2024\/06\/Untitled-2-2-1024x281.png 1024w, https:\/\/sitbiella.it\/unione\/wp-content\/uploads\/2024\/06\/Untitled-2-2-768x211.png 768w, https:\/\/sitbiella.it\/unione\/wp-content\/uploads\/2024\/06\/Untitled-2-2.png 1032w\" sizes=\"auto, (max-width: 473px) 100vw, 473px\" \/><\/td>\n<\/tr>\n<\/tbody>\n<\/table>\n<\/div>\n<\/div>\n<\/div>\n<\/div>\n<\/div>\n<\/article>\n<p>&nbsp;<\/p>\n<article id=\"0404c9d2-1378-45eb-923e-98cd07ab10a9\" class=\"page sans\">\n<div class=\"page-body\">\n<div id=\"75ab8260-1cc3-4a1f-8e95-7e816039b23c\" class=\"column-list\">\n<div id=\"2310c0dd-3c16-4380-8428-74662f657671\" class=\"column\" style=\"width: 100%;\">\n<table style=\"border-collapse: collapse; width: 66.1182%;\">\n<tbody>\n<tr>\n<td style=\"width: 100%;\">In pa<span style=\"background-color: var(--bs-body-bg); color: var(--bs-body-color); font-family: var(--bs-body-font-family); font-size: var(--bs-body-font-size); font-weight: var(--bs-body-font-weight); text-align: var(--bs-body-text-align);\">rticolare<\/span><span style=\"color: var(--bs-body-color); font-family: var(--bs-body-font-family); font-size: var(--bs-body-font-size); font-weight: var(--bs-body-font-weight); text-align: var(--bs-body-text-align); background-color: var(--bs-body-bg);\"> il livello del confine con una opacit\u00e0 al 100% permette di ottenere una mappa senza lo sfondo di Google.<\/span><\/td>\n<\/tr>\n<\/tbody>\n<\/table>\n<p id=\"5bc1237c-f5b7-4fb8-b9bd-dcf7d90dc42b\" class=\"\">\n<\/div>\n<\/div>\n<div id=\"a798afbf-3f15-458f-864c-480d7c25aeec\" class=\"column-list\">\n<div id=\"4c6a8837-118f-418d-9bc1-bc6cb9e9fe02\" class=\"column\" style=\"width: 87.5%;\">\n<table style=\"border-collapse: collapse; width: 75.3423%;\">\n<tbody>\n<tr>\n<td style=\"width: 10.2438%;\"><img loading=\"lazy\" decoding=\"async\" class=\"alignnone wp-image-712\" style=\"color: var(--bs-body-color); font-family: var(--bs-body-font-family); font-size: var(--bs-body-font-size); font-weight: var(--bs-body-font-weight); text-align: var(--bs-body-text-align); background-color: var(--bs-body-bg);\" src=\"https:\/\/sitbiella.it\/unione\/wp-content\/uploads\/2024\/06\/Untitled-4.png\" alt=\"\" width=\"52\" height=\"131\" \/><\/td>\n<td style=\"width: 64.7956%;\">Le tre icone dedicate alla visualizzazione permettono di tornare alla schermata principale, spostare la mappa mantenendo la scala infine aumentare o diminuire la scala di rappresentazione. Alle diverse scale si attivano e disattivano automaticamente i dettagli per rendere la navigazione pi\u00f9 fluida e con un contenuto informativo adeguato alla scala di rappresentazione.<\/td>\n<\/tr>\n<\/tbody>\n<\/table>\n<p class=\"\">\n<\/div>\n<\/div>\n<div id=\"142c89b3-818a-40d8-90e8-5247a5989b97\" class=\"column-list\">\n<div id=\"d26f657c-3936-43f4-b317-b37d909227af\" class=\"column\" style=\"width: 12.5%;\">\n<table style=\"border-collapse: collapse; width: 527.264%; height: 51px;\">\n<tbody>\n<tr style=\"height: 51px;\">\n<td style=\"width: 13.6224%; height: 51px;\"><a style=\"font-family: var(--bs-body-font-family); font-size: var(--bs-body-font-size); font-weight: var(--bs-body-font-weight); text-align: var(--bs-body-text-align);\" href=\"Help%20Unione%20QGIS%20to%20WEB%202%200404c9d2137845eb923e98cd07ab10a9\/Untitled%205.png\"><img loading=\"lazy\" decoding=\"async\" class=\"alignnone wp-image-713\" src=\"https:\/\/sitbiella.it\/unione\/wp-content\/uploads\/2024\/06\/Untitled-5.png\" alt=\"\" width=\"48\" height=\"47\" \/><\/a><\/td>\n<td style=\"width: 359.048%; height: 51px;\">L&#8217;icona \u201c<em><mark class=\"highlight-blue\"><strong>i<\/strong><\/mark><\/em>\u201c permette di attivare una tendina di informazioni sensibile ai clic sulla mappa, con la tendina visibile si pu\u00f2 cliccare sulla mappa ed ottenere le informazioni che sono presenti nel punto indicato.<\/td>\n<\/tr>\n<\/tbody>\n<\/table>\n<p>&nbsp;<\/p>\n<\/div>\n<div id=\"c0459ef1-58f3-461d-b80e-df5decd91151\" class=\"column\" style=\"width: 87.5%;\">\n<table style=\"border-collapse: collapse; width: 73.742%; height: 382px;\">\n<tbody>\n<tr style=\"height: 27px;\">\n<td style=\"width: 37.5533%; height: 27px;\" colspan=\"2\">Dall\u2019elenco dei livelli individuati \u00e8 possibile vedere il contenuto informativo di dettaglio degli stessi.<\/td>\n<\/tr>\n<tr style=\"height: 355px;\">\n<td style=\"width: 37.5533%; height: 355px;\"><img loading=\"lazy\" decoding=\"async\" class=\"size-medium wp-image-714 aligncenter\" src=\"https:\/\/sitbiella.it\/unione\/wp-content\/uploads\/2024\/06\/Untitled-6-300x189.png\" alt=\"\" width=\"300\" height=\"189\" srcset=\"https:\/\/sitbiella.it\/unione\/wp-content\/uploads\/2024\/06\/Untitled-6-300x189.png 300w, https:\/\/sitbiella.it\/unione\/wp-content\/uploads\/2024\/06\/Untitled-6.png 471w\" sizes=\"auto, (max-width: 300px) 100vw, 300px\" \/><\/td>\n<td style=\"width: 36.1892%; height: 355px;\"><img loading=\"lazy\" decoding=\"async\" class=\"size-medium wp-image-715 aligncenter\" style=\"color: var(--bs-body-color); font-family: var(--bs-body-font-family); font-size: var(--bs-body-font-size); font-weight: var(--bs-body-font-weight); text-align: var(--bs-body-text-align); background-color: var(--bs-body-bg);\" src=\"https:\/\/sitbiella.it\/unione\/wp-content\/uploads\/2024\/06\/Untitled-7-300x273.png\" alt=\"\" width=\"300\" height=\"273\" srcset=\"https:\/\/sitbiella.it\/unione\/wp-content\/uploads\/2024\/06\/Untitled-7-300x273.png 300w, https:\/\/sitbiella.it\/unione\/wp-content\/uploads\/2024\/06\/Untitled-7.png 475w\" sizes=\"auto, (max-width: 300px) 100vw, 300px\" \/><\/td>\n<\/tr>\n<\/tbody>\n<\/table>\n<\/div>\n<\/div>\n<div id=\"345838bc-5f77-475e-bf54-f7f0d1d7db66\" class=\"column-list\">\n<div id=\"490fcb77-273a-4e90-b059-ec4b58897cc4\" class=\"column\" style=\"width: 87.5%;\">\n<table style=\"border-collapse: collapse; width: 100%; height: 213px;\">\n<tbody>\n<tr style=\"height: 213px;\">\n<td style=\"width: 34.1219%; height: 213px;\">\u00a0<img loading=\"lazy\" decoding=\"async\" class=\"wp-image-716 alignleft\" style=\"color: var(--bs-body-color); font-family: var(--bs-body-font-family); font-size: var(--bs-body-font-size); font-weight: var(--bs-body-font-weight); text-align: var(--bs-body-text-align); background-color: var(--bs-body-bg);\" src=\"https:\/\/sitbiella.it\/unione\/wp-content\/uploads\/2024\/06\/Untitled-8.png\" alt=\"\" width=\"47\" height=\"45\" \/><span style=\"font-family: inherit; font-size: inherit; background-color: var(--bs-body-bg); color: var(--bs-body-color); font-weight: var(--bs-body-font-weight); text-align: var(--bs-body-text-align);\">L\u2019ic<\/span><span style=\"background-color: var(--bs-body-bg); color: var(--bs-body-color); font-family: var(--bs-body-font-family); font-size: var(--bs-body-font-size); font-weight: var(--bs-body-font-weight); text-align: var(--bs-body-text-align);\">ona della legenda attiv<\/span><span style=\"color: var(--bs-body-color); font-family: var(--bs-body-font-family); font-size: var(--bs-body-font-size); font-weight: var(--bs-body-font-weight); text-align: var(--bs-body-text-align); background-color: var(--bs-body-bg);\">a la visualizzazione della legenda dei simboli grafici.<\/span><\/td>\n<td style=\"width: 38.5763%; height: 213px;\"><img loading=\"lazy\" decoding=\"async\" class=\"wp-image-717 alignleft\" style=\"color: var(--bs-body-color); font-family: var(--bs-body-font-family); font-size: var(--bs-body-font-size); font-weight: var(--bs-body-font-weight); text-align: var(--bs-body-text-align); background-color: var(--bs-body-bg);\" src=\"https:\/\/sitbiella.it\/unione\/wp-content\/uploads\/2024\/06\/Untitled-9-300x243.png\" alt=\"\" width=\"241\" height=\"195\" srcset=\"https:\/\/sitbiella.it\/unione\/wp-content\/uploads\/2024\/06\/Untitled-9-300x243.png 300w, https:\/\/sitbiella.it\/unione\/wp-content\/uploads\/2024\/06\/Untitled-9.png 493w\" sizes=\"auto, (max-width: 241px) 100vw, 241px\" \/><\/td>\n<\/tr>\n<\/tbody>\n<\/table>\n<p id=\"768c1760-6fac-4c9b-9108-7c976120418f\" class=\"\">\n<\/div>\n<\/div>\n<div id=\"c9a6c6a1-93bd-46d9-9393-b7a6f1df9494\" class=\"column-list\">\n<div id=\"1a5a8ac5-8b49-46c0-acaf-3e9fa7ec349a\" class=\"column\" style=\"width: 87.5%;\">\n<table style=\"border-collapse: collapse; width: 100.169%; height: 468px;\">\n<tbody>\n<tr style=\"height: 51px;\">\n<td style=\"width: 5.07252%; height: 51px;\"><img loading=\"lazy\" decoding=\"async\" class=\"alignnone wp-image-718\" style=\"background-color: var(--bs-body-bg); color: var(--bs-body-color); font-family: var(--bs-body-font-family); font-size: var(--bs-body-font-size); font-weight: var(--bs-body-font-weight); text-align: var(--bs-body-text-align);\" src=\"https:\/\/sitbiella.it\/unione\/wp-content\/uploads\/2024\/06\/Untitled-10.png\" alt=\"\" width=\"44\" height=\"43\" \/><\/td>\n<td style=\"width: 95.4293%; height: 51px;\">C<span style=\"background-color: var(--bs-body-bg); color: var(--bs-body-color); font-family: var(--bs-body-font-family); font-size: var(--bs-body-font-size); font-weight: var(--bs-body-font-weight); text-align: var(--bs-body-text-align);\">on l\u2019icona del cannocchiale si attivano le ricerche catastali per foglio e mappale, o per via e numero civico. Nel caso in cui ci fossero pi\u00f9 sezioni, sar\u00e0 possibile selezionarle dall\u2019apposito men\u00f9 a tendina.<\/span><\/td>\n<\/tr>\n<tr style=\"height: 417px;\">\n<td style=\"width: 100.502%; height: 417px;\" colspan=\"2\">\u00a0 \u00a0 \u00a0 \u00a0 \u00a0 \u00a0 <img loading=\"lazy\" decoding=\"async\" class=\"wp-image-719 alignnone\" src=\"https:\/\/sitbiella.it\/unione\/wp-content\/uploads\/2024\/06\/Untitled-11-300x211.png\" alt=\"\" width=\"369\" height=\"260\" srcset=\"https:\/\/sitbiella.it\/unione\/wp-content\/uploads\/2024\/06\/Untitled-11-300x211.png 300w, https:\/\/sitbiella.it\/unione\/wp-content\/uploads\/2024\/06\/Untitled-11.png 474w\" sizes=\"auto, (max-width: 369px) 100vw, 369px\" \/>\u00a0 \u00a0 \u00a0 \u00a0 \u00a0 \u00a0 \u00a0 \u00a0 \u00a0 \u00a0 \u00a0 \u00a0 \u00a0 <img loading=\"lazy\" decoding=\"async\" class=\"wp-image-720 alignnone\" src=\"https:\/\/sitbiella.it\/unione\/wp-content\/uploads\/2024\/06\/Untitled-12-300x213.png\" alt=\"\" width=\"364\" height=\"258\" srcset=\"https:\/\/sitbiella.it\/unione\/wp-content\/uploads\/2024\/06\/Untitled-12-300x213.png 300w, https:\/\/sitbiella.it\/unione\/wp-content\/uploads\/2024\/06\/Untitled-12.png 473w\" sizes=\"auto, (max-width: 364px) 100vw, 364px\" \/><\/td>\n<\/tr>\n<\/tbody>\n<\/table>\n<p id=\"c7abecee-d286-4ac4-b572-9825b9225f2f\" class=\"\">\n<\/div>\n<\/div>\n<\/div>\n<\/article>\n<article id=\"0404c9d2-1378-45eb-923e-98cd07ab10a9\" class=\"page sans\">\n<div class=\"page-body\">\n<div id=\"058f81b1-d5cd-494f-9c46-29a6ee697e6f\" class=\"column-list\">\n<div id=\"9794a681-8929-485b-a50b-d01917c52809\" class=\"column\" style=\"width: 100%;\">\n<table style=\"border-collapse: collapse; width: 87.6866%; height: 45px;\">\n<tbody>\n<tr style=\"height: 45px;\">\n<td style=\"width: 4.74378%; height: 45px;\"><img loading=\"lazy\" decoding=\"async\" class=\"alignnone wp-image-721\" style=\"color: var(--bs-body-color); font-family: var(--bs-body-font-family); font-size: var(--bs-body-font-size); font-weight: var(--bs-body-font-weight); text-align: var(--bs-body-text-align); background-color: var(--bs-body-bg);\" src=\"https:\/\/sitbiella.it\/unione\/wp-content\/uploads\/2024\/06\/Untitled-13.png\" alt=\"\" width=\"50\" height=\"42\" \/><\/td>\n<td style=\"width: 82.5216%; height: 45px;\">Il <span style=\"background-color: var(--bs-body-bg); color: var(--bs-body-color); font-family: var(--bs-body-font-family); font-size: var(--bs-body-font-size); font-weight: var(--bs-body-font-weight); text-align: var(--bs-body-text-align);\">simbolo di Open Street Map permette di attivare una finestra di navigazione urbana attraverso il servizio di Google.<\/span><\/td>\n<\/tr>\n<\/tbody>\n<\/table>\n<p>&nbsp;<\/p>\n<table style=\"border-collapse: collapse; width: 75.0735%; height: 27px;\">\n<tbody>\n<tr style=\"height: 27px;\">\n<td style=\"width: 37.7585%; height: 27px; text-align: left;\"><img loading=\"lazy\" decoding=\"async\" class=\"wp-image-722 aligncenter\" src=\"https:\/\/sitbiella.it\/unione\/wp-content\/uploads\/2024\/06\/Untitled-14-300x193.png\" alt=\"\" width=\"404\" height=\"260\" srcset=\"https:\/\/sitbiella.it\/unione\/wp-content\/uploads\/2024\/06\/Untitled-14-300x193.png 300w, https:\/\/sitbiella.it\/unione\/wp-content\/uploads\/2024\/06\/Untitled-14-768x495.png 768w, https:\/\/sitbiella.it\/unione\/wp-content\/uploads\/2024\/06\/Untitled-14.png 1020w\" sizes=\"auto, (max-width: 404px) 100vw, 404px\" \/><\/td>\n<td style=\"width: 38.7278%; height: 27px; text-align: left;\">Si aprir\u00e0 la finestra dello strumento, divisa in due sezioni, quella a sinistra per navigare dalla mappa e per trascinare l\u2019omino giallo nella via desiderata (mentre si trascina appariranno evidenziate in blu le vie su cui \u00e8 possibile rilasciare l\u2019omino) e quella a destra dove verr\u00e0 visualizzata la Street View. In entrambe le sezioni \u00e8 possibile ingrandire la visualizzazione.<\/td>\n<\/tr>\n<\/tbody>\n<\/table>\n<\/div>\n<p>&nbsp;<\/p>\n<table style=\"border-collapse: collapse; width: 87.8346%; height: 168px;\">\n<tbody>\n<tr style=\"height: 168px;\">\n<td style=\"width: 5.07463%; height: 168px;\"><img loading=\"lazy\" decoding=\"async\" class=\"alignnone wp-image-723\" src=\"https:\/\/sitbiella.it\/unione\/wp-content\/uploads\/2024\/06\/Untitled-15.png\" alt=\"\" width=\"49\" height=\"46\" \/><\/td>\n<td style=\"width: 82.7611%; height: 168px;\">Il tasto di Stampa permette di creare un file PDF impostando il formato, la scala e la risoluzione dell\u2019immagine e l\u2019orientamento del foglio.<\/td>\n<\/tr>\n<\/tbody>\n<\/table>\n<\/div>\n<div id=\"609d5868-426f-4d28-a6e5-6a4578660c3d\" class=\"column-list\">\n<div id=\"82fd1f3c-adc8-4ee9-9d00-cbf7094a6d7b\" class=\"column\" style=\"width: 50%;\">\n<table style=\"border-collapse: collapse; width: 119.249%; height: 121px;\">\n<tbody>\n<tr>\n<td style=\"width: 32.0515%;\">I temi stampati saranno quelli visibili ed \u00e8 possibile includere il layer di base di Google Maps.<\/td>\n<td style=\"width: 94.8133%;\">\u00a0 \u00a0 \u00a0 \u00a0 \u00a0 \u00a0 \u00a0 \u00a0 \u00a0 \u00a0 <img loading=\"lazy\" decoding=\"async\" class=\"alignnone wp-image-724 size-full\" style=\"background-color: var(--bs-body-bg); color: var(--bs-body-color); font-family: var(--bs-body-font-family); font-size: var(--bs-body-font-size); font-weight: var(--bs-body-font-weight); text-align: var(--bs-body-text-align);\" src=\"https:\/\/sitbiella.it\/unione\/wp-content\/uploads\/2024\/06\/Untitled-16-e1718700745301.png\" alt=\"\" width=\"297\" height=\"219\" \/><\/td>\n<\/tr>\n<\/tbody>\n<\/table>\n<p class=\"\">\n<\/div>\n<\/div>\n<div id=\"ef6bf977-4cb9-4248-85d0-7ad759943eb7\" class=\"column-list\">\n<div>\n<table style=\"border-collapse: collapse; width: 59.5518%; height: 10px;\">\n<tbody>\n<tr style=\"height: 268px;\">\n<td style=\"width: 2.73038%; height: 10px;\"><img loading=\"lazy\" decoding=\"async\" class=\"wp-image-726 alignleft\" style=\"background-color: var(--bs-body-bg); color: var(--bs-body-color); font-family: var(--bs-body-font-family); font-size: var(--bs-body-font-size); font-weight: var(--bs-body-font-weight); text-align: var(--bs-body-text-align);\" src=\"https:\/\/sitbiella.it\/unione\/wp-content\/uploads\/2024\/06\/Untitled-18.png\" alt=\"\" width=\"46\" height=\"46\" \/><\/td>\n<td style=\"width: 30.09%; height: 10px;\">C<span style=\"background-color: var(--bs-body-bg); color: var(--bs-body-color); font-family: var(--bs-body-font-family); font-size: var(--bs-body-font-size); font-weight: var(--bs-body-font-weight); text-align: var(--bs-body-text-align);\">on l\u2019icona delle misurazioni \u00e8 possibile ottenere distanze e superfici semplicemente tracciando sulla mappa le linee per calcolare le distanze e aree.<\/span><\/td>\n<\/tr>\n<\/tbody>\n<\/table>\n<\/div>\n<\/div>\n<div><\/div>\n<table style=\"border-collapse: collapse; width: 75.0735%; height: 92px;\">\n<tbody>\n<tr style=\"height: 92px;\">\n<td style=\"width: 29.7576%; height: 92px;\">\n<p id=\"05860f0b-a54c-4b6d-b84a-487cd1533efe\" class=\"\">Selezionando un livello \u00e8 possibile calcolare la distanza in maniera pi\u00f9 precisa agganciando i vertici di un determinato livello. Esempio due vertici di una particella oppure la distanza di due spigoli di diversi edifici.<\/p>\n<p>&nbsp;<\/td>\n<td style=\"width: 45.317%; height: 92px;\"><img loading=\"lazy\" decoding=\"async\" class=\"wp-image-727 aligncenter\" style=\"background-color: var(--bs-body-bg); color: var(--bs-body-color); font-family: var(--bs-body-font-family); font-size: var(--bs-body-font-size); font-weight: var(--bs-body-font-weight); text-align: var(--bs-body-text-align);\" src=\"https:\/\/sitbiella.it\/unione\/wp-content\/uploads\/2024\/06\/Untitled-19-300x276.png\" alt=\"\" width=\"296\" height=\"273\" srcset=\"https:\/\/sitbiella.it\/unione\/wp-content\/uploads\/2024\/06\/Untitled-19-300x276.png 300w, https:\/\/sitbiella.it\/unione\/wp-content\/uploads\/2024\/06\/Untitled-19.png 599w\" sizes=\"auto, (max-width: 296px) 100vw, 296px\" \/><\/td>\n<\/tr>\n<\/tbody>\n<\/table>\n<p>&nbsp;<\/p>\n<\/div>\n<\/article>\n<article id=\"0404c9d2-1378-45eb-923e-98cd07ab10a9\" class=\"page sans\">\n<div class=\"page-body\">\n<table style=\"border-collapse: collapse; width: 100%; height: 51px;\">\n<tbody>\n<tr style=\"height: 51px;\">\n<td style=\"width: 4.32841%; height: 51px;\"><img loading=\"lazy\" decoding=\"async\" class=\"alignnone wp-image-729\" style=\"background-color: var(--bs-body-bg); color: var(--bs-body-color); font-family: var(--bs-body-font-family); font-size: var(--bs-body-font-size); font-weight: var(--bs-body-font-weight); text-align: var(--bs-body-text-align);\" src=\"https:\/\/sitbiella.it\/unione\/wp-content\/uploads\/2024\/06\/Untitled-21.png\" alt=\"\" width=\"42\" height=\"44\" \/><\/td>\n<td style=\"width: 95.6716%; height: 51px;\">L\u2019icona WMS permette di selezionare dei servizi WMS (<em>Web Map Service<\/em>) distribuiti sul web, alcuni sono gi\u00e0 precaricati altri si possono caricare inserendo lo specifico URL disponibili dai server predisposti alla divulgazione dell\u2019informazione cartografica.<\/td>\n<\/tr>\n<\/tbody>\n<\/table>\n<p>&nbsp;<\/p>\n<table style=\"border-collapse: collapse; width: 73.806%;\">\n<tbody>\n<tr>\n<td style=\"width: 33.2089%;\">Per esempio, se visualizzando il comune di Bioglio volessimo avere anche i livelli del comune di Piatto, dovremo andare sulla pagina di Piatto, copiare il link WMS nell\u2019apposita sezione ed incollarlo nella casella \u201cInserisci Url Wms\u201d, cliccando infine elabora Url.<\/td>\n<td style=\"width: 40.5971%;\"><img loading=\"lazy\" decoding=\"async\" class=\"size-medium wp-image-857 aligncenter\" src=\"https:\/\/sitbiella.it\/unione\/wp-content\/uploads\/2024\/06\/immagine_2024-06-18_120241934-300x178.png\" alt=\"\" width=\"300\" height=\"178\" srcset=\"https:\/\/sitbiella.it\/unione\/wp-content\/uploads\/2024\/06\/immagine_2024-06-18_120241934-300x178.png 300w, https:\/\/sitbiella.it\/unione\/wp-content\/uploads\/2024\/06\/immagine_2024-06-18_120241934.png 588w\" sizes=\"auto, (max-width: 300px) 100vw, 300px\" \/><\/td>\n<\/tr>\n<\/tbody>\n<\/table>\n<p id=\"e4671e3c-912c-4aba-80a9-8c51b3dfb70e\" class=\"\">\n<\/div>\n<\/article>\n<article id=\"0404c9d2-1378-45eb-923e-98cd07ab10a9\" class=\"page sans\">\n<div class=\"page-body\">\n<table style=\"border-collapse: collapse; width: 73.6567%;\">\n<tbody>\n<tr>\n<td style=\"width: 33.3575%;\">Dai vari livelli selezionare quelli interessati aggiungendo la spunta nell&#8217;apposita casella e cliccare &#8220;Aggiungi alla Mappa&#8221;<\/td>\n<td style=\"width: 40.2992%;\"><img loading=\"lazy\" decoding=\"async\" class=\"size-medium wp-image-860 aligncenter\" src=\"https:\/\/sitbiella.it\/unione\/wp-content\/uploads\/2024\/06\/immagine_2024-06-18_120813119-300x158.png\" alt=\"\" width=\"300\" height=\"158\" srcset=\"https:\/\/sitbiella.it\/unione\/wp-content\/uploads\/2024\/06\/immagine_2024-06-18_120813119-300x158.png 300w, https:\/\/sitbiella.it\/unione\/wp-content\/uploads\/2024\/06\/immagine_2024-06-18_120813119.png 586w\" sizes=\"auto, (max-width: 300px) 100vw, 300px\" \/><\/td>\n<\/tr>\n<\/tbody>\n<\/table>\n<p id=\"57a61f7f-b6bd-47c5-bb88-77aca35ae5f9\" class=\"\">\n<\/div>\n<\/article>\n<p>A questo punto apparir\u00e0 una finestra dove andr\u00e0 inserito il nome che vorremo dare al livello Wms, che in questo caso sar\u00e0 Pettinengo. Una volta inserito il nome Wms apparir\u00e0 sulla mappa di base la visualizzazione dei livelli scelti e la tendina con l\u2019elenco dei livelli caricati, con l&#8217;apposito strumento per la gestione della trasparenza dei livelli.<\/p>\n","protected":false},"excerpt":{"rendered":"<p>Questa guida ci permetter\u00e0 di conoscere la modalit\u00e0 di navigazione del servizio cartografico QGIS to WEB dei comuni appartenenti all\u2019Unione Orientale Biellese. &nbsp; &nbsp; La barra laterale a sinistra contiene le icone per le interrogazione, il controllo della visualizzazione ed il link per visualizzare le immagini di Open Street Map per la navigazione interattiva urbana. [&#8230;]<\/p>\n<p><a class=\"btn btn-secondary understrap-read-more-link\" href=\"https:\/\/sitbiella.it\/unione\/index.php\/help\/\">Leggi di pi\u00f9&#8230;<span class=\"screen-reader-text\"> from Guida all&#8217;uso del portale dell&#8217;Unione<\/span><\/a><\/p>\n","protected":false},"author":1,"featured_media":0,"parent":0,"menu_order":0,"comment_status":"closed","ping_status":"closed","template":"page-templates\/fullwidthpage.php","meta":{"_acf_changed":false,"footnotes":""},"class_list":["post-702","page","type-page","status-publish","hentry"],"acf":[],"_links":{"self":[{"href":"https:\/\/sitbiella.it\/unione\/index.php\/wp-json\/wp\/v2\/pages\/702","targetHints":{"allow":["GET"]}}],"collection":[{"href":"https:\/\/sitbiella.it\/unione\/index.php\/wp-json\/wp\/v2\/pages"}],"about":[{"href":"https:\/\/sitbiella.it\/unione\/index.php\/wp-json\/wp\/v2\/types\/page"}],"author":[{"embeddable":true,"href":"https:\/\/sitbiella.it\/unione\/index.php\/wp-json\/wp\/v2\/users\/1"}],"replies":[{"embeddable":true,"href":"https:\/\/sitbiella.it\/unione\/index.php\/wp-json\/wp\/v2\/comments?post=702"}],"version-history":[{"count":135,"href":"https:\/\/sitbiella.it\/unione\/index.php\/wp-json\/wp\/v2\/pages\/702\/revisions"}],"predecessor-version":[{"id":888,"href":"https:\/\/sitbiella.it\/unione\/index.php\/wp-json\/wp\/v2\/pages\/702\/revisions\/888"}],"wp:attachment":[{"href":"https:\/\/sitbiella.it\/unione\/index.php\/wp-json\/wp\/v2\/media?parent=702"}],"curies":[{"name":"wp","href":"https:\/\/api.w.org\/{rel}","templated":true}]}}